{"id":78,"date":"2023-04-26T20:21:36","date_gmt":"2023-04-26T20:21:36","guid":{"rendered":"https:\/\/escaperoomentucasa.com\/?page_id=78"},"modified":"2023-11-27T18:32:30","modified_gmt":"2023-11-27T18:32:30","slug":"inicio","status":"publish","type":"page","link":"https:\/\/escaperoomentucasa.com\/","title":{"rendered":"Escape room en tu casa: Una manera distinta de escapar"},"content":{"rendered":"\t\t<div data-elementor-type=\"wp-page\" data-elementor-id=\"78\" class=\"elementor elementor-78\" data-elementor-post-type=\"page\">\n\t\t\t\t\t\t\t\t\t<section class=\"elementor-section elementor-top-section elementor-element elementor-element-501ed44 elementor-section-full_width elementor-section-height-default elementor-section-height-default\" data-id=\"501ed44\" data-element_type=\"section\">\n\t\t\t\t\t\t<div class=\"elementor-container elementor-column-gap-default\">\n\t\t\t\t\t<div class=\"elementor-column elementor-col-100 elementor-top-column elementor-element elementor-element-69982abe\" data-id=\"69982abe\" data-element_type=\"column\" data-settings=\"{&quot;background_background&quot;:&quot;classic&quot;}\" data-e-bg-lazyload=\".elementor-element-populated\">\n\t\t\t<div class=\"elementor-widget-wrap elementor-element-populated\">\n\t\t\t\t\t\t\t\t<div class=\"elementor-element elementor-element-490c7f31 elementor-widget__width-initial elementor-widget-mobile__width-initial elementor-invisible elementor-widget elementor-widget-text-editor\" data-id=\"490c7f31\" data-element_type=\"widget\" data-settings=\"{&quot;_animation&quot;:&quot;fadeIn&quot;}\" data-widget_type=\"text-editor.default\">\n\t\t\t\t<div class=\"elementor-widget-container\">\n\t\t\t<style>\/*! elementor - v3.16.0 - 20-09-2023 *\/\n.elementor-widget-text-editor.elementor-drop-cap-view-stacked .elementor-drop-cap{background-color:#69727d;color:#fff}.elementor-widget-text-editor.elementor-drop-cap-view-framed .elementor-drop-cap{color:#69727d;border:3px solid;background-color:transparent}.elementor-widget-text-editor:not(.elementor-drop-cap-view-default) .elementor-drop-cap{margin-top:8px}.elementor-widget-text-editor:not(.elementor-drop-cap-view-default) .elementor-drop-cap-letter{width:1em;height:1em}.elementor-widget-text-editor .elementor-drop-cap{float:left;text-align:center;line-height:1;font-size:50px}.elementor-widget-text-editor .elementor-drop-cap-letter{display:inline-block}<\/style>\t\t\t\t<p><!-- wp:paragraph {\"fontSize\":\"medium\"} --><\/p>\n<p class=\"has-medium-font-size\"><strong>\u00a1Bienvenidos a Escape Room en tu casa!<\/strong><\/p>\n<p><!-- \/wp:paragraph --><\/p>\n<p><!-- wp:paragraph {\"fontSize\":\"medium\"} --><\/p>\n<p class=\"has-medium-font-size\">\u00bfAlguna vez has querido vivir la experiencia emocionante y llena de adrenalina de un escape room, pero no has tenido la oportunidad de visitar uno? \u00a1No te preocupes! \u00a1Nosotros te traemos la experiencia directamente a tu hogar!&nbsp;<\/p>\n<p><!-- \/wp:paragraph --><\/p>\n<p><!-- wp:paragraph {\"fontSize\":\"medium\"} --><\/p>\n<p class=\"has-medium-font-size\">En Escape room en tu casa, te ofrecemos la posibilidad de disfrutar de la emoci\u00f3n de un escape room desde la comodidad de tu propia casa. Con nuestros juegos de escape en l\u00ednea, podr\u00e1s disfrutar de la emoci\u00f3n y desaf\u00edo de un escape room tradicional, pero sin salir de casa.<\/p>\n<p><!-- \/wp:paragraph --><\/p>\n<p><!-- wp:paragraph {\"fontSize\":\"medium\"} --><\/p>\n<p class=\"has-medium-font-size\">Nuestros juegos est\u00e1n dise\u00f1ados para mantenerte en vilo y desafiar tus habilidades mentales, l\u00f3gicas y de resoluci\u00f3n de problemas. Con una amplia variedad de desaf\u00edos, nuestros juegos son ideales para todo tipo de jugadores, desde principiantes hasta expertos.<\/p>\n<p><!-- \/wp:paragraph --><\/p>\n<p><!-- wp:paragraph {\"fontSize\":\"medium\"} --><\/p>\n<p class=\"has-medium-font-size\">En Escape room en tu casa, te ofrecemos una experiencia \u00fanica y emocionante. As\u00ed que \u00bfqu\u00e9 est\u00e1s esperando? \u00a1\u00danete a la diversi\u00f3n y el desaf\u00edo de nuestros juegos de escape en l\u00ednea hoy mismo!<\/p>\n<p class=\"has-medium-font-size\">\n<\/p><p class=\"has-medium-font-size\">\n<\/p><p class=\"has-medium-font-size\">\n<\/p><p class=\"has-medium-font-size\">\n<\/p><p><!-- \/wp:paragraph --><\/p>\t\t\t\t\t\t<\/div>\n\t\t\t\t<\/div>\n\t\t\t\t\t<\/div>\n\t\t<\/div>\n\t\t\t\t\t\t\t<\/div>\n\t\t<\/section>\n\t\t<div class=\"elementor-element elementor-element-9f452b7 e-flex e-con-boxed e-con e-parent\" data-id=\"9f452b7\" data-element_type=\"container\" data-settings=\"{&quot;content_width&quot;:&quot;boxed&quot;}\" data-core-v316-plus=\"true\">\n\t\t\t\t\t<div class=\"e-con-inner\">\n\t\t\t\t\t<\/div>\n\t\t\t\t<\/div>\n\t\t\t\t\t\t\t<\/div>\n\t\t","protected":false},"excerpt":{"rendered":"<p>\u00a1Bienvenidos a Escape Room en tu casa! \u00bfAlguna vez has querido vivir la experiencia emocionante y llena de adrenalina de un escape room, pero no has tenido la oportunidad de visitar uno? \u00a1No te preocupes! \u00a1Nosotros te traemos la experiencia directamente a tu hogar!&nbsp; En Escape room en tu casa, te ofrecemos la posibilidad de [&hellip;]<\/p>\n","protected":false},"author":1,"featured_media":0,"parent":0,"menu_order":0,"comment_status":"closed","ping_status":"closed","template":"elementor_header_footer","meta":{"footnotes":""},"_links":{"self":[{"href":"https:\/\/escaperoomentucasa.com\/index.php\/wp-json\/wp\/v2\/pages\/78"}],"collection":[{"href":"https:\/\/escaperoomentucasa.com\/index.php\/wp-json\/wp\/v2\/pages"}],"about":[{"href":"https:\/\/escaperoomentucasa.com\/index.php\/wp-json\/wp\/v2\/types\/page"}],"author":[{"embeddable":true,"href":"https:\/\/escaperoomentucasa.com\/index.php\/wp-json\/wp\/v2\/users\/1"}],"replies":[{"embeddable":true,"href":"https:\/\/escaperoomentucasa.com\/index.php\/wp-json\/wp\/v2\/comments?post=78"}],"version-history":[{"count":107,"href":"https:\/\/escaperoomentucasa.com\/index.php\/wp-json\/wp\/v2\/pages\/78\/revisions"}],"predecessor-version":[{"id":339,"href":"https:\/\/escaperoomentucasa.com\/index.php\/wp-json\/wp\/v2\/pages\/78\/revisions\/339"}],"wp:attachment":[{"href":"https:\/\/escaperoomentucasa.com\/index.php\/wp-json\/wp\/v2\/media?parent=78"}],"curies":[{"name":"wp","href":"https:\/\/api.w.org\/{rel}","templated":true}]}}